{"id":1097,"date":"2016-07-13T12:12:12","date_gmt":"2016-07-13T12:12:12","guid":{"rendered":"http:\/\/finance.bold-themes.com\/main-demo\/?page_id=1097"},"modified":"2026-01-19T13:21:38","modified_gmt":"2026-01-19T13:21:38","slug":"cevre","status":"publish","type":"page","link":"https:\/\/mitascivata.com\/en\/cevre\/","title":{"rendered":"Environment"},"content":{"rendered":"<section id=\"bt_section69fa0305d3674\"  class=\"boldSection topSemiSpaced bottomSemiSpaced btAlternateColorBackground gutter boxed inherit\" style=\"background-color:rgba(242,241,237,0)  !important;\"><div class=\"port\"><div class=\"boldCell\"><div class=\"boldCellInner\"><div class=\"boldRow\" ><div class=\"boldRowInner\"><div class=\"rowItem col-md-6 col-sm-12 btTextLeft animate animate-fadein inherit\"  data-width=\"6\"><div class=\"rowItemContent\" ><header class=\"header btClear large btDash bottomDash  regular\" ><div class=\"dash\"><h2><span class=\"headline\">Environmental and Sustainability Policy<\/span><\/h2><\/div><\/header><div class=\"btClear btSeparator bottomSmallSpaced noBorder\" ><hr><\/div><div class=\"btText\" ><\/p>\n<p>\u015eirket politikam\u0131z ve stratejilerimizin temel bir unsuru olarak \u00e7evre, s\u00fcrd\u00fcr\u00fclebilirlik anlay\u0131\u015f\u0131m\u0131z\u0131n merkezinde yer almaktad\u0131r. Do\u011fal kaynaklar\u0131n korunmas\u0131, kirlili\u011fin azalt\u0131lmas\u0131 ve at\u0131k y\u00f6netiminin etkin bir \u015fekilde y\u00f6netilmesi konular\u0131nda kararl\u0131l\u0131kla \u00e7al\u0131\u015fmaktay\u0131z.<\/p>\n<p>\u00dcretim faaliyetlerimizin \u00e7evresel etkilerini azaltmaya y\u00f6nelik olarak \u00e7evre mevzuat\u0131na uyum, kaynak verimlili\u011finin art\u0131r\u0131lmas\u0131 ve \u00e7evre dostu uygulamalar\u0131n yayg\u0131nla\u015ft\u0131r\u0131lmas\u0131n\u0131 \u00f6ncelikli \u00e7al\u0131\u015fma alanlar\u0131m\u0131z aras\u0131nda g\u00f6r\u00fcyoruz.<\/p>\n<p>Gelecek nesillere ya\u015fanabilir bir d\u00fcnya b\u0131rakma sorumlulu\u011fuyla, \u00e7evreye duyarl\u0131 \u00fcretim s\u00fcre\u00e7leri ve s\u00fcrd\u00fcr\u00fclebilirlik hedeflerimiz do\u011frultusunda \u00e7al\u0131\u015fmalar\u0131m\u0131za kararl\u0131l\u0131kla devam ediyoruz.<\/p>\n<p>\n<\/div><div class=\"btClear btSeparator topSemiSpaced noBorder\" ><hr><\/div><\/div><\/div><div class=\"rowItem col-md-6 col-sm-12 btTextLeft animate animate-fadein inherit\"  data-width=\"6\"><div class=\"rowItemContent\" ><div class=\"btClear btSeparator topSemiSpaced noBorder\" ><hr><\/div><div class=\"bpgPhoto btDefaultHoverType\" ><div class = \"btImage\"><img decoding=\"async\" src=\"https:\/\/mitascivata.com\/wp-content\/uploads\/2025\/03\/Cevre-ve-Surdurulebilirlik-Politikamiz.jpg\" alt=\"\" title=\"\"><\/div><\/div><div class=\"btClear btSeparator topSemiSpaced noBorder\" ><hr><\/div><\/div><\/div><\/div><\/div><div class=\"boldRow\" ><div class=\"boldRowInner\"><div class=\"rowItem col-md-12 col-ms-12  btTextLeft\"  data-width=\"12\"><div class=\"rowItemContent\" ><div class=\"btClear btSeparator bottomSemiSpaced border\" ><hr><\/div><\/div><\/div><\/div><\/div><div class=\"boldRow\" ><div class=\"boldRowInner\"><div class=\"rowItem col-md-6 col-sm-12 btTextLeft animate animate-fadein inherit\"  data-width=\"6\"><div class=\"rowItemContent\" ><div class=\"btClear btSeparator topSemiSpaced noBorder\" ><hr><\/div><div class=\"bpgPhoto btDefaultHoverType\" ><div class = \"btImage\"><img decoding=\"async\" src=\"https:\/\/mitascivata.com\/wp-content\/uploads\/2025\/03\/Emisyon-Yonetimi-ve-Sera-Gazi-Azaltim-Stratejimiz.jpg\" alt=\"\" title=\"\"><\/div><\/div><div class=\"btClear btSeparator topSemiSpaced noBorder\" ><hr><\/div><\/div><\/div><div class=\"rowItem col-md-6 col-sm-12 btTextLeft animate animate-fadein inherit\"  data-width=\"6\"><div class=\"rowItemContent\" ><header class=\"header btClear large btDash bottomDash  regular\" ><div class=\"dash\"><h2><span class=\"headline\">Emission Management and Greenhouse Gas Reduction Strategy<\/span><\/h2><\/div><\/header><div class=\"btClear btSeparator bottomSmallSpaced noBorder\" ><hr><\/div><div class=\"btText\" ><\/p>\n<p>At M\u0130TA\u015e CIVATA Factory, we aim to minimize carbon emissions from our operations to create a more sustainable world for future generations. We implement carbon offset initiatives, increase the use of renewable energy sources, and conduct supply chain analysis to reduce Scope 3 emissions.<\/p>\n<p>To raise awareness of climate change and encourage stakeholder participation, we regularly provide sustainability training and awareness programs for our employees.<\/p>\n<p>\n<\/div><div class=\"btClear btSeparator topSemiSpaced noBorder\" ><hr><\/div><\/div><\/div><\/div><\/div><div class=\"boldRow\" ><div class=\"boldRowInner\"><div class=\"rowItem col-md-6 col-sm-12 btTextLeft animate animate-fadein inherit\"  data-width=\"6\"><div class=\"rowItemContent\" ><header class=\"header btClear large btDash bottomDash  regular\" ><div class=\"dash\"><h2><span class=\"headline\">Greenhouse Gas Emissions Management<\/span><\/h2><\/div><\/header><div class=\"btClear btSeparator bottomSmallSpaced noBorder\" ><hr><\/div><div class=\"btText\" ><\/p>\n<p>In line with our corporate sustainability goals, we measure and assess our greenhouse gas emissions in accordance with the ISO 14064 international standard. This enables us to analyze our environmental impacts transparently and continuously improve our environmental performance.<\/p>\n<p>\n<\/div><div class=\"btClear btSeparator topSemiSpaced noBorder\" ><hr><\/div><\/div><\/div><div class=\"rowItem col-md-6 col-sm-12 btTextLeft animate animate-fadein inherit\"  data-width=\"6\"><div class=\"rowItemContent\" ><div class=\"btClear btSeparator topSemiSpaced noBorder\" ><hr><\/div><div class=\"bpgPhoto btDefaultHoverType\" ><div class = \"btImage\"><img decoding=\"async\" src=\"https:\/\/mitascivata.com\/wp-content\/uploads\/2025\/03\/Sera-Gazi-Emisyonlarinin-Yonetimi.jpg\" alt=\"\" title=\"\"><\/div><\/div><div class=\"btClear btSeparator topSemiSpaced noBorder\" ><hr><\/div><\/div><\/div><\/div><\/div><div class=\"boldRow\" ><div class=\"boldRowInner\"><div class=\"rowItem col-md-6 col-sm-12 btTextLeft animate animate-fadein inherit\"  data-width=\"6\"><div class=\"rowItemContent\" ><div class=\"btClear btSeparator topSemiSpaced noBorder\" ><hr><\/div><div class=\"bpgPhoto btDefaultHoverType\" ><div class = \"btImage\"><img decoding=\"async\" src=\"https:\/\/mitascivata.com\/wp-content\/uploads\/2025\/03\/Atik-Yonetimi-Politikamiz.jpg\" alt=\"\" title=\"\"><\/div><\/div><div class=\"btClear btSeparator topSemiSpaced noBorder\" ><hr><\/div><\/div><\/div><div class=\"rowItem col-md-6 col-sm-12 btTextLeft animate animate-fadein inherit\"  data-width=\"6\"><div class=\"rowItemContent\" ><header class=\"header btClear large btDash bottomDash  regular\" ><div class=\"dash\"><h2><span class=\"headline\">Waste Management Policy<\/span><\/h2><\/div><\/header><div class=\"btClear btSeparator bottomSmallSpaced noBorder\" ><hr><\/div><div class=\"btText\" ><\/p>\n<p>At M\u0130TA\u015e CIVATA Factory, we manage our waste processes in compliance with the ISO 14001 Environmental Management System Standard. We adopt a life cycle approach for handling domestic, industrial, hazardous, and non-hazardous waste, ensuring proper sorting, collection, reuse (when possible), and compliant disposal through licensed recycling companies.<\/p>\n<p>\n<\/div><div class=\"btClear btSeparator topSemiSpaced noBorder\" ><hr><\/div><\/div><\/div><\/div><\/div><div class=\"boldRow\" ><div class=\"boldRowInner\"><div class=\"rowItem col-md-6 col-sm-12 btTextLeft animate animate-fadein inherit\"  data-width=\"6\"><div class=\"rowItemContent\" ><header class=\"header btClear large btDash bottomDash  regular\" ><div class=\"dash\"><h2><span class=\"headline\">Waste Management Applications<\/span><\/h2><\/div><\/header><div class=\"btClear btSeparator bottomSmallSpaced noBorder\" ><hr><\/div><div class=\"btText\" ><\/p>\n<p>We conduct our waste management operations meticulously in accordance with the relevant Waste Management Regulations, our DAMS (Document and Action Process) Policy, and international standards. By continuously improving our processes to reduce resource consumption and minimize environmental impact, we actively contribute to a circular economy.<\/p>\n<p>\n<\/div><div class=\"btClear btSeparator topSemiSpaced noBorder\" ><hr><\/div><\/div><\/div><div class=\"rowItem col-md-6 col-sm-12 btTextLeft animate animate-fadein inherit\"  data-width=\"6\"><div class=\"rowItemContent\" ><div class=\"btClear btSeparator topSemiSpaced noBorder\" ><hr><\/div><div class=\"bpgPhoto btDefaultHoverType\" ><div class = \"btImage\"><img decoding=\"async\" src=\"https:\/\/mitascivata.com\/wp-content\/uploads\/2025\/03\/Atik-Yonetimi-Uygulamalarimiz.jpg\" alt=\"\" title=\"\"><\/div><\/div><div class=\"btClear btSeparator topSemiSpaced noBorder\" ><hr><\/div><\/div><\/div><\/div><\/div><div class=\"boldRow\" ><div class=\"boldRowInner\"><div class=\"rowItem col-md-6 col-sm-12 btTextLeft animate animate-fadein inherit\"  data-width=\"6\"><div class=\"rowItemContent\" ><div class=\"btClear btSeparator topSemiSpaced noBorder\" ><hr><\/div><div class=\"bpgPhoto btDefaultHoverType\" ><div class = \"btImage\"><img decoding=\"async\" src=\"https:\/\/mitascivata.com\/wp-content\/uploads\/2025\/03\/Biyocesitliligin-Korunmasi-ve-Gelistirilmesi.jpg\" alt=\"\" title=\"\"><\/div><\/div><div class=\"btClear btSeparator topSemiSpaced noBorder\" ><hr><\/div><\/div><\/div><div class=\"rowItem col-md-6 col-sm-12 btTextLeft animate animate-fadein inherit\"  data-width=\"6\"><div class=\"rowItemContent\" ><header class=\"header btClear large btDash bottomDash  regular\" ><div class=\"dash\"><h2><span class=\"headline\">Biodiversity Conservation and Development<\/span><\/h2><\/div><\/header><div class=\"btClear btSeparator bottomSmallSpaced noBorder\" ><hr><\/div><div class=\"btText\" ><\/p>\n<p>At M\u0130TA\u015e CIVATA Factory, we recognize our responsibility to preserve natural richness and contribute to sustainable ecosystems. We are committed to enhancing biodiversity by minimizing negative environmental impacts.<\/p>\n<p>We view biodiversity conservation not only as an environmental necessity but also as a corporate responsibility. To increase employee awareness, we regularly organize training programs and awareness initiatives, fostering a strong corporate culture that supports biodiversity.<\/p>\n<p>With our determination to leave a more livable world for future generations, we integrate biodiversity-friendly practices into all our operations, ensuring the sustainability of natural ecosystems.<\/p>\n<p>\n<\/div><div class=\"btClear btSeparator topSemiSpaced noBorder\" ><hr><\/div><\/div><\/div><\/div><\/div><div class=\"boldRow\" ><div class=\"boldRowInner\"><div class=\"rowItem col-md-6 col-sm-12 btTextLeft animate animate-fadein inherit\"  data-width=\"6\"><div class=\"rowItemContent\" ><header class=\"header btClear large btDash bottomDash  regular\" ><div class=\"dash\"><h2><span class=\"headline\">Energy Efficiency Policy<\/span><\/h2><\/div><\/header><div class=\"btClear btSeparator bottomSmallSpaced noBorder\" ><hr><\/div><div class=\"btText\" ><\/p>\n<p>At M\u0130TA\u015e CIVATA Factory, we consider energy efficiency a core part of our corporate culture and continuously develop innovative solutions in this area.<\/p>\n<p>We manage our energy processes in alignment with the ISO 50001 Energy Management System and strive to reduce energy consumption through continuous improvement efforts. Our focus is on increasing energy efficiency, transitioning to renewable energy sources, and optimizing energy usage while reducing greenhouse gas emissions.<\/p>\n<p>&nbsp;<\/p>\n<p>\n<\/div><div class=\"btClear btSeparator topSemiSpaced noBorder\" ><hr><\/div><\/div><\/div><div class=\"rowItem col-md-6 col-sm-12 btTextLeft animate animate-fadein inherit\"  data-width=\"6\"><div class=\"rowItemContent\" ><div class=\"btClear btSeparator topSemiSpaced noBorder\" ><hr><\/div><div class=\"bpgPhoto btDefaultHoverType\" ><div class = \"btImage\"><img decoding=\"async\" src=\"https:\/\/mitascivata.com\/wp-content\/uploads\/2025\/03\/Enerji-Verimliligi-Politikamiz.jpg\" alt=\"\" title=\"\"><\/div><\/div><div class=\"btClear btSeparator topSemiSpaced noBorder\" ><hr><\/div><\/div><\/div><\/div><\/div><div class=\"boldRow\" ><div class=\"boldRowInner\"><div class=\"rowItem col-md-6 col-sm-12 btTextLeft animate animate-fadein inherit\"  data-width=\"6\"><div class=\"rowItemContent\" ><div class=\"btClear btSeparator topSemiSpaced noBorder\" ><hr><\/div><div class=\"bpgPhoto btDefaultHoverType\" ><div class = \"btImage\"><img decoding=\"async\" src=\"https:\/\/mitascivata.com\/wp-content\/uploads\/2025\/03\/Surdurulebilir-Enerji-Kullanimi.jpg\" alt=\"\" title=\"\"><\/div><\/div><div class=\"btClear btSeparator topSemiSpaced noBorder\" ><hr><\/div><\/div><\/div><div class=\"rowItem col-md-6 col-sm-12 btTextLeft animate animate-fadein inherit\"  data-width=\"6\"><div class=\"rowItemContent\" ><header class=\"header btClear large btDash bottomDash  regular\" ><div class=\"dash\"><h2><span class=\"headline\">Sustainable Energy Usage<\/span><\/h2><\/div><\/header><div class=\"btClear btSeparator bottomSmallSpaced noBorder\" ><hr><\/div><div class=\"btText\" ><\/p>\n<p>We take a leading role in our industry by operating all our processes based on sustainable energy consumption. By integrating energy conservation into our corporate sustainability strategies, we remain committed to environmental responsibility.<\/p>\n<p>\n<\/div><div class=\"btClear btSeparator topSemiSpaced noBorder\" ><hr><\/div><\/div><\/div><\/div><\/div><div class=\"boldRow\" ><div class=\"boldRowInner\"><div class=\"rowItem col-md-6 col-sm-12 btTextLeft animate animate-fadein inherit\"  data-width=\"6\"><div class=\"rowItemContent\" ><header class=\"header btClear large btDash bottomDash  regular\" ><div class=\"dash\"><h2><span class=\"headline\">Water Management Policy<\/span><\/h2><\/div><\/header><div class=\"btClear btSeparator bottomSmallSpaced noBorder\" ><hr><\/div><div class=\"btText\" ><\/p>\n<p>At M\u0130TA\u015e CIVATA Factory, our water management strategy is based on the principles of environmental sustainability, economic feasibility, and social equity, ensuring that water resources are safely preserved for future generations.<\/p>\n<p>To achieve this, we prioritize efficient water use and distribution, water quality protection, and sustainable water management. Additionally, we implement continuous improvement initiatives to control wastewater from our operations.<\/p>\n<p>Our water management strategies aim to minimize environmental impact, comply with all legal regulations, and ensure the efficient use of water resources while maintaining sustainable business practices.<\/p>\n<p>\n<\/div><div class=\"btClear btSeparator topSemiSpaced noBorder\" ><hr><\/div><\/div><\/div><div class=\"rowItem col-md-6 col-sm-12 btTextLeft animate animate-fadein inherit\"  data-width=\"6\"><div class=\"rowItemContent\" ><div class=\"btClear btSeparator topSpaced noBorder\" ><hr><\/div><div class=\"bpgPhoto btDefaultHoverType\" ><div class = \"btImage\"><img decoding=\"async\" src=\"https:\/\/mitascivata.com\/wp-content\/uploads\/2025\/09\/Water_1-scaled.jpg\" alt=\"\" title=\"Water drop falling into water making a perfect concentric circles. Abstract blue background.\"><\/div><\/div><div class=\"btClear btSeparator topSemiSpaced noBorder\" ><hr><\/div><\/div><\/div><\/div><\/div><\/div><\/div><\/div><\/section>","protected":false},"excerpt":{"rendered":"","protected":false},"author":2,"featured_media":3862,"parent":0,"menu_order":0,"comment_status":"closed","ping_status":"closed","template":"","meta":{"footnotes":""},"class_list":["post-1097","page","type-page","status-publish","has-post-thumbnail","hentry"],"_links":{"self":[{"href":"https:\/\/mitascivata.com\/en\/wp-json\/wp\/v2\/pages\/1097","targetHints":{"allow":["GET"]}}],"collection":[{"href":"https:\/\/mitascivata.com\/en\/wp-json\/wp\/v2\/pages"}],"about":[{"href":"https:\/\/mitascivata.com\/en\/wp-json\/wp\/v2\/types\/page"}],"author":[{"embeddable":true,"href":"https:\/\/mitascivata.com\/en\/wp-json\/wp\/v2\/users\/2"}],"replies":[{"embeddable":true,"href":"https:\/\/mitascivata.com\/en\/wp-json\/wp\/v2\/comments?post=1097"}],"version-history":[{"count":11,"href":"https:\/\/mitascivata.com\/en\/wp-json\/wp\/v2\/pages\/1097\/revisions"}],"predecessor-version":[{"id":4302,"href":"https:\/\/mitascivata.com\/en\/wp-json\/wp\/v2\/pages\/1097\/revisions\/4302"}],"wp:featuredmedia":[{"embeddable":true,"href":"https:\/\/mitascivata.com\/en\/wp-json\/wp\/v2\/media\/3862"}],"wp:attachment":[{"href":"https:\/\/mitascivata.com\/en\/wp-json\/wp\/v2\/media?parent=1097"}],"curies":[{"name":"wp","href":"https:\/\/api.w.org\/{rel}","templated":true}]}}