{"id":3983,"date":"2025-05-23T10:21:08","date_gmt":"2025-05-23T10:21:08","guid":{"rendered":"https:\/\/mitascivata.com\/?page_id=3983"},"modified":"2025-05-23T13:03:41","modified_gmt":"2025-05-23T13:03:41","slug":"etik-ihbar-formu","status":"publish","type":"page","link":"https:\/\/mitascivata.com\/en\/etik-ihbar-formu\/","title":{"rendered":"Etik \u0130hbar Formu"},"content":{"rendered":"<section id=\"bt_section69f337535e4ae\"  class=\"boldSection gutter\" ><div class=\"port\"><div class=\"boldCell\"><div class=\"boldCellInner\"><div class=\"boldRow\" ><div class=\"boldRowInner\"><div class=\"rowItem col-md-12 col-ms-12  btTextLeft\"  data-width=\"12\"><div class=\"rowItemContent\" ><div class=\"btClear btSeparator topSemiSpaced noBorder\" ><hr><\/div><div class=\"btText\" ><\/p>\n<div class=\"wpcf7 no-js\" id=\"wpcf7-f3324-o1\" lang=\"en-US\" dir=\"ltr\" data-wpcf7-id=\"3324\">\n<div class=\"screen-reader-response\">\n<p role=\"status\" aria-live=\"polite\" aria-atomic=\"true\">\n<ul><\/ul>\n<\/div>\n<form action=\"\/en\/wp-json\/wp\/v2\/pages\/3983#wpcf7-f3324-o1\" method=\"post\" class=\"wpcf7-form init\" aria-label=\"Contact form\" novalidate=\"novalidate\" data-status=\"init\" data-trp-original-action=\"\/en\/wp-json\/wp\/v2\/pages\/3983#wpcf7-f3324-o1\">\n<div style=\"display: none;\">\n<input type=\"hidden\" name=\"_wpcf7\" value=\"3324\" \/><br \/>\n<input type=\"hidden\" name=\"_wpcf7_version\" value=\"6.0.4\" \/><br \/>\n<input type=\"hidden\" name=\"_wpcf7_locale\" value=\"en_US\" \/><br \/>\n<input type=\"hidden\" name=\"_wpcf7_unit_tag\" value=\"wpcf7-f3324-o1\" \/><br \/>\n<input type=\"hidden\" name=\"_wpcf7_container_post\" value=\"0\" \/><br \/>\n<input type=\"hidden\" name=\"_wpcf7_posted_data_hash\" value=\"\" \/>\n<\/div>\n<h3>Kurum Detaylar\u0131<br \/>\n<\/h3>\n<p><label> Mita\u015f Grubu ile ili\u015fkiniz nedir? *<br \/>\n<span class=\"wpcf7-form-control-wrap\" data-name=\"iliski\"><input size=\"40\" maxlength=\"400\" class=\"wpcf7-form-control wpcf7-text wpcf7-validates-as-required\" aria-required=\"true\" aria-invalid=\"false\" placeholder=\"\u00d6rn: Tedarik\u00e7i, \u00c7al\u0131\u015fan, M\u00fc\u015fteri\" value=\"\" type=\"text\" name=\"iliski\" \/><\/span><br \/>\n<\/label>\n<\/p>\n<p><label> \u00c7al\u0131\u015ft\u0131\u011f\u0131n\u0131z \u015eirket *<br \/>\n<span class=\"wpcf7-form-control-wrap\" data-name=\"calistigin_sirket\"><input size=\"40\" maxlength=\"400\" class=\"wpcf7-form-control wpcf7-text wpcf7-validates-as-required\" aria-required=\"true\" aria-invalid=\"false\" placeholder=\"\u00c7al\u0131\u015ft\u0131\u011f\u0131n\u0131z \u015eirketi Giriniz\" value=\"\" type=\"text\" name=\"calistigin_sirket\" \/><\/span><br \/>\n<\/label>\n<\/p>\n<p><label> Bildirimin ilgili oldu\u011fu Mita\u015f kurulu\u015fu *<br \/>\n<span class=\"wpcf7-form-control-wrap\" data-name=\"ilgili_kurulus\"><input size=\"40\" maxlength=\"400\" class=\"wpcf7-form-control wpcf7-text wpcf7-validates-as-required\" aria-required=\"true\" aria-invalid=\"false\" placeholder=\"\u00d6rn: Mita\u015f End\u00fcstri\" value=\"\" type=\"text\" name=\"ilgili_kurulus\" \/><\/span><br \/>\n<\/label>\n<\/p>\n<p><label> Bildirimin ilgili oldu\u011fu kategori *<br \/>\n<span class=\"wpcf7-form-control-wrap\" data-name=\"kategori\"><input size=\"40\" maxlength=\"400\" class=\"wpcf7-form-control wpcf7-text wpcf7-validates-as-required\" aria-required=\"true\" aria-invalid=\"false\" placeholder=\"\u00d6rn: Etik Uygunsuzluk, Yolsuzluk\" value=\"\" type=\"text\" name=\"kategori\" \/><\/span><br \/>\n<\/label>\n<\/p>\n<h3>Bildirim Detaylar\u0131<br \/>\n<\/h3>\n<p><label> Bildiriminiz *<br \/>\n<span class=\"wpcf7-form-control-wrap\" data-name=\"bildirim\"><textarea cols=\"40\" rows=\"10\" maxlength=\"2000\" class=\"wpcf7-form-control wpcf7-textarea wpcf7-validates-as-required\" aria-required=\"true\" aria-invalid=\"false\" placeholder=\"Konuyu t\u00fcm ayr\u0131nt\u0131lar\u0131yla belirtiniz.\" name=\"bildirim\"><\/textarea><\/span><br \/>\n<\/label>\n<\/p>\n<p><label> Belge A\u00e7\u0131klamalar\u0131 *<br \/>\n<span class=\"wpcf7-form-control-wrap\" data-name=\"belge_aciklama\"><input size=\"40\" maxlength=\"400\" class=\"wpcf7-form-control wpcf7-text wpcf7-validates-as-required\" aria-required=\"true\" aria-invalid=\"false\" placeholder=\"\u00d6rn: EK-1, EK-2\" value=\"\" type=\"text\" name=\"belge_aciklama\" \/><\/span><br \/>\n<\/label>\n<\/p>\n<p><label> Bildirimle ilgili ki\u015fi\/ki\u015filer *<br \/>\n<span class=\"wpcf7-form-control-wrap\" data-name=\"bildirim_kisiler\"><input size=\"40\" maxlength=\"400\" class=\"wpcf7-form-control wpcf7-text wpcf7-validates-as-required\" aria-required=\"true\" aria-invalid=\"false\" placeholder=\"Ad\u0131 - Soyad\u0131 - Unvan\u0131\" value=\"\" type=\"text\" name=\"bildirim_kisiler\" \/><\/span><br \/>\n<\/label>\n<\/p>\n<p><label> Bu sorun ne kadar s\u00fcredir devam etmekte? *<br \/>\n<span class=\"wpcf7-form-control-wrap\" data-name=\"sorun_suresi\"><input size=\"40\" maxlength=\"400\" class=\"wpcf7-form-control wpcf7-text wpcf7-validates-as-required\" aria-required=\"true\" aria-invalid=\"false\" placeholder=\"\u00d6rn: 3 ay\" value=\"\" type=\"text\" name=\"sorun_suresi\" \/><\/span><br \/>\n<\/label>\n<\/p>\n<p><label> Bu sorunu nas\u0131l fark ettiniz? *<br \/>\n<span class=\"wpcf7-form-control-wrap\" data-name=\"farketme_yolu\"><input size=\"40\" maxlength=\"400\" class=\"wpcf7-form-control wpcf7-text wpcf7-validates-as-required\" aria-required=\"true\" aria-invalid=\"false\" placeholder=\"\u00d6rn: G\u00f6zlem, \u015fikayet, belge analizi\" value=\"\" type=\"text\" name=\"farketme_yolu\" \/><\/span><br \/>\n<\/label>\n<\/p>\n<p><label> Ba\u015fka belirtmek istedi\u011finiz bilgiler<br \/>\n<span class=\"wpcf7-form-control-wrap\" data-name=\"diger_bilgiler\"><textarea cols=\"40\" rows=\"10\" maxlength=\"2000\" class=\"wpcf7-form-control wpcf7-textarea\" aria-invalid=\"false\" name=\"diger_bilgiler\"><\/textarea><\/span><br \/>\n<\/label>\n<\/p>\n<h3>Ki\u015fisel Bilgiler<br \/>\n<\/h3>\n<p><label> Ad\u0131n\u0131z Soyad\u0131n\u0131z *<br \/>\n<span class=\"wpcf7-form-control-wrap\" data-name=\"ad_soyad\"><input size=\"40\" maxlength=\"400\" class=\"wpcf7-form-control wpcf7-text wpcf7-validates-as-required\" aria-required=\"true\" aria-invalid=\"false\" placeholder=\"Ad Soyad Giriniz\" value=\"\" type=\"text\" name=\"ad_soyad\" \/><\/span><br \/>\n<\/label>\n<\/p>\n<p><label> E-posta Adresiniz *<br \/>\n<span class=\"wpcf7-form-control-wrap\" data-name=\"email\"><input size=\"40\" maxlength=\"400\" class=\"wpcf7-form-control wpcf7-email wpcf7-validates-as-required wpcf7-text wpcf7-validates-as-email\" aria-required=\"true\" aria-invalid=\"false\" placeholder=\"E-Posta Adresiniz\" value=\"\" type=\"email\" name=\"email\" \/><\/span><br \/>\n<\/label>\n<\/p>\n<p><label> Cep Telefon Numaran\u0131z *<br \/>\n<span class=\"wpcf7-form-control-wrap\" data-name=\"telefon\"><input size=\"40\" maxlength=\"400\" class=\"wpcf7-form-control wpcf7-tel wpcf7-validates-as-required wpcf7-text wpcf7-validates-as-tel\" aria-required=\"true\" aria-invalid=\"false\" placeholder=\"Cep Telefon Numaran\u0131z\" value=\"\" type=\"tel\" name=\"telefon\" \/><\/span><br \/>\n<\/label>\n<\/p>\n<p><label> \u0130kamet Etti\u011finiz \u0130l *<br \/>\n<span class=\"wpcf7-form-control-wrap\" data-name=\"ikamet_il\"><input size=\"40\" maxlength=\"400\" class=\"wpcf7-form-control wpcf7-text wpcf7-validates-as-required\" aria-required=\"true\" aria-invalid=\"false\" placeholder=\"\u0130l Ad\u0131\" value=\"\" type=\"text\" name=\"ikamet_il\" \/><\/span><br \/>\n<\/label>\n<\/p>\n<p><label><br \/>\nVerdi\u011fim ki\u015fisel veri ve ileti\u015fim bilgilerimin Mita\u015f End\u00fcstri San. Tic. A.\u015e. (hepsi birlikte \u2018Mita\u015f Group\u2019 olarak an\u0131lacakt\u0131r) taraf\u0131ndan, 6698 say\u0131l\u0131 Ki\u015fisel Verilerin Korunmas\u0131 Kanunu kapsam\u0131nda Ayd\u0131nlatma Metninde belirtilen ama\u00e7 ve ba\u011fl\u0131 ama\u00e7lar dahilinde i\u015flenmesine ve aktar\u0131lmas\u0131na muvafakat etti\u011fimi beyan, kabul ve taahh\u00fct ederim.<br \/>\n<a href=\"\/wp-content\/uploads\/2025\/03\/mitas-endustri-kisisel-verilerin-korunmasi-ve-islenmesi-politikasi-3.pdf\" target=\"_blank\">KVKK belgelerini incelemek i\u00e7in t\u0131klayabilirsiniz.<\/a><br \/>\n<\/label>\n<\/p>\n<p><input class=\"wpcf7-form-control wpcf7-submit has-spinner\" type=\"submit\" value=\"Send\" \/>\n<\/p>\n<div class=\"wpcf7-response-output\" aria-hidden=\"true\"><\/div>\n<input type=\"hidden\" name=\"trp-form-language\" value=\"en\"\/><\/form>\n<\/div>\n<p>\n<\/div><div class=\"btClear btSeparator topSemiSpaced noBorder\" ><hr><\/div><\/div><\/div><\/div><\/div><\/div><\/div><\/div><\/section>","protected":false},"excerpt":{"rendered":"","protected":false},"author":1,"featured_media":3863,"parent":0,"menu_order":0,"comment_status":"closed","ping_status":"closed","template":"","meta":{"footnotes":""},"class_list":["post-3983","page","type-page","status-publish","has-post-thumbnail","hentry"],"_links":{"self":[{"href":"https:\/\/mitascivata.com\/en\/wp-json\/wp\/v2\/pages\/3983","targetHints":{"allow":["GET"]}}],"collection":[{"href":"https:\/\/mitascivata.com\/en\/wp-json\/wp\/v2\/pages"}],"about":[{"href":"https:\/\/mitascivata.com\/en\/wp-json\/wp\/v2\/types\/page"}],"author":[{"embeddable":true,"href":"https:\/\/mitascivata.com\/en\/wp-json\/wp\/v2\/users\/1"}],"replies":[{"embeddable":true,"href":"https:\/\/mitascivata.com\/en\/wp-json\/wp\/v2\/comments?post=3983"}],"version-history":[{"count":5,"href":"https:\/\/mitascivata.com\/en\/wp-json\/wp\/v2\/pages\/3983\/revisions"}],"predecessor-version":[{"id":3993,"href":"https:\/\/mitascivata.com\/en\/wp-json\/wp\/v2\/pages\/3983\/revisions\/3993"}],"wp:featuredmedia":[{"embeddable":true,"href":"https:\/\/mitascivata.com\/en\/wp-json\/wp\/v2\/media\/3863"}],"wp:attachment":[{"href":"https:\/\/mitascivata.com\/en\/wp-json\/wp\/v2\/media?parent=3983"}],"curies":[{"name":"wp","href":"https:\/\/api.w.org\/{rel}","templated":true}]}}