{"id":3994,"date":"2025-05-27T12:07:36","date_gmt":"2025-05-27T12:07:36","guid":{"rendered":"https:\/\/mitascivata.com\/?page_id=3994"},"modified":"2026-04-13T10:34:53","modified_gmt":"2026-04-13T10:34:53","slug":"politikalar","status":"publish","type":"page","link":"https:\/\/mitascivata.com\/en\/politikalar\/","title":{"rendered":"Politikalar"},"content":{"rendered":"<section id=\"bt_section69e18d6a2cde0\"  class=\"boldSection bottomSemiSpaced gutter boxed inherit\" ><div class=\"port\"><div class=\"boldCell\"><div class=\"boldCellInner\"><div class=\"boldRow\" ><div class=\"boldRowInner\"><div class=\"rowItem col-md-12 col-ms-12  btTextLeft\"  data-width=\"12\"><div class=\"rowItemContent\" ><div class=\"btClear btSeparator topSmallSpaced bottomSmallSpaced border\" ><hr><\/div><div class=\"btClear btSeparator bottomSmallSpaced noBorder\" ><hr><\/div><\/div><\/div><\/div><\/div><div class=\"boldRow\" ><div class=\"boldRowInner\"><div class=\"rowItem col-md-12 col-ms-12  btTextLeft\"  data-width=\"12\"><div class=\"rowItemContent\" ><header class=\"header btClear large btDash bottomDash  regular\" ><div class=\"dash\"><h2><span class=\"headline\">Politikalar\u0131m\u0131z<\/span><\/h2><\/div><\/header><div class=\"btClear btSeparator topSmallSpaced bottomSmallSpaced noBorder\" ><hr><\/div><\/div><\/div><\/div><\/div><div class=\"boldRow\" ><div class=\"boldRowInner\"><div class=\"rowItem col-md-12 col-ms-12  btTextLeft\"  data-width=\"12\"><div class=\"rowItemContent\" ><div class=\"btClear btSeparator bottomSmallSpaced noBorder\" ><hr><\/div><a href=\"https:\/\/mitascivata.com\/wp-content\/uploads\/2025\/04\/PO-0001-Entegre-Yo\u0308netim-Sistemi-Politikasi-06.pdf\" class=\"btBtn btBtn btnFilledStyle btnAccentColor btnSmall btnFullWidth btnRightPosition btnIco\" ><span class=\"btnInnerText\">Entegre Y\u00f6netim Sistemi Politikas\u0131<\/span><span class=\"btIco\"><span  data-ico-fa=\"&#xf063;\" class=\"btIcoHolder\"><\/span><\/span><\/a><div class=\"btClear btSeparator bottomSmallSpaced noBorder\" ><hr><\/div><a href=\"https:\/\/mitascivata.com\/wp-content\/uploads\/2025\/05\/PO-0004-Surdurulebilirlik-Politikasi-00.pdf\" class=\"btBtn btBtn btnFilledStyle btnAccentColor btnSmall btnFullWidth btnRightPosition btnIco\" ><span class=\"btnInnerText\">S\u00fcrd\u00fcr\u00fclebilirlik Politikas\u0131<\/span><span class=\"btIco\"><span  data-ico-fa=\"&#xf063;\" class=\"btIcoHolder\"><\/span><\/span><\/a><div class=\"btClear btSeparator bottomExtraSmallSpaced noBorder\" ><hr><\/div><a href=\"https:\/\/mitascivata.com\/wp-content\/uploads\/2025\/05\/PO-0005-Ayrimciligin-ve-Tacizin-Onlenmesi-Politikasi-00.pdf\" class=\"btBtn btBtn btnFilledStyle btnAccentColor btnSmall btnFullWidth btnRightPosition btnIco\" ><span class=\"btnInnerText\">Ayr\u0131mc\u0131l\u0131\u011f\u0131n ve Tacizin \u00d6nlenmesi Politikas\u0131<\/span><span class=\"btIco\"><span  data-ico-fa=\"&#xf063;\" class=\"btIcoHolder\"><\/span><\/span><\/a><div class=\"btClear btSeparator bottomExtraSmallSpaced noBorder\" ><hr><\/div><a href=\"https:\/\/mitascivata.com\/wp-content\/uploads\/2025\/05\/PO-0006-Rusvet-ve-Yolsuzlukla-Mucadele-Politikasi-00.pdf\" class=\"btBtn btBtn btnFilledStyle btnAccentColor btnSmall btnFullWidth btnRightPosition btnIco\" ><span class=\"btnInnerText\">R\u00fc\u015fvet ve Yolsuzlukla M\u00fccadele Politikas\u0131<\/span><span class=\"btIco\"><span  data-ico-fa=\"&#xf063;\" class=\"btIcoHolder\"><\/span><\/span><\/a><div class=\"btClear btSeparator bottomExtraSmallSpaced noBorder\" ><hr><\/div><a href=\"https:\/\/mitascivata.com\/wp-content\/uploads\/2025\/05\/PO-0007-Cesitlilik-ve-Firsat-Esitligi-Politikasi-00.pdf\" class=\"btBtn btBtn btnFilledStyle btnAccentColor btnSmall btnFullWidth btnRightPosition btnIco\" ><span class=\"btnInnerText\">\u00c7e\u015fitlilik ve F\u0131rsat E\u015fitli\u011fi Politikas\u0131<\/span><span class=\"btIco\"><span  data-ico-fa=\"&#xf063;\" class=\"btIcoHolder\"><\/span><\/span><\/a><div class=\"btClear btSeparator bottomExtraSmallSpaced noBorder\" ><hr><\/div><a href=\"https:\/\/mitascivata.com\/wp-content\/uploads\/2025\/05\/PO-0008-Hediye-ve-Bagis-Politikasi-00.pdf\" class=\"btBtn btBtn btnFilledStyle btnAccentColor btnSmall btnFullWidth btnRightPosition btnIco\" ><span class=\"btnInnerText\">Hediye ve Ba\u011f\u0131\u015f Politikas\u0131<\/span><span class=\"btIco\"><span  data-ico-fa=\"&#xf063;\" class=\"btIcoHolder\"><\/span><\/span><\/a><div class=\"btClear btSeparator bottomExtraSmallSpaced noBorder\" ><hr><\/div><a href=\"https:\/\/mitascivata.com\/wp-content\/uploads\/2026\/04\/PO-0002-Laboratuvar-Kalite-Politikasi-04.pdf\" class=\"btBtn btBtn btnFilledStyle btnAccentColor btnSmall btnFullWidth btnRightPosition btnIco\" ><span class=\"btnInnerText\">Laboratuvar Kalite Politikas\u0131<\/span><span class=\"btIco\"><span  data-ico-fa=\"&#xf063;\" class=\"btIcoHolder\"><\/span><\/span><\/a><div class=\"btClear btSeparator bottomExtraSmallSpaced noBorder\" ><hr><\/div><\/div><\/div><\/div><\/div><\/div><\/div><\/div><\/section>","protected":false},"excerpt":{"rendered":"","protected":false},"author":1,"featured_media":3871,"parent":0,"menu_order":0,"comment_status":"closed","ping_status":"closed","template":"","meta":{"footnotes":""},"class_list":["post-3994","page","type-page","status-publish","has-post-thumbnail","hentry"],"_links":{"self":[{"href":"https:\/\/mitascivata.com\/en\/wp-json\/wp\/v2\/pages\/3994","targetHints":{"allow":["GET"]}}],"collection":[{"href":"https:\/\/mitascivata.com\/en\/wp-json\/wp\/v2\/pages"}],"about":[{"href":"https:\/\/mitascivata.com\/en\/wp-json\/wp\/v2\/types\/page"}],"author":[{"embeddable":true,"href":"https:\/\/mitascivata.com\/en\/wp-json\/wp\/v2\/users\/1"}],"replies":[{"embeddable":true,"href":"https:\/\/mitascivata.com\/en\/wp-json\/wp\/v2\/comments?post=3994"}],"version-history":[{"count":4,"href":"https:\/\/mitascivata.com\/en\/wp-json\/wp\/v2\/pages\/3994\/revisions"}],"predecessor-version":[{"id":4312,"href":"https:\/\/mitascivata.com\/en\/wp-json\/wp\/v2\/pages\/3994\/revisions\/4312"}],"wp:featuredmedia":[{"embeddable":true,"href":"https:\/\/mitascivata.com\/en\/wp-json\/wp\/v2\/media\/3871"}],"wp:attachment":[{"href":"https:\/\/mitascivata.com\/en\/wp-json\/wp\/v2\/media?parent=3994"}],"curies":[{"name":"wp","href":"https:\/\/api.w.org\/{rel}","templated":true}]}}