{"id":997,"date":"2016-07-13T10:19:32","date_gmt":"2016-07-13T10:19:32","guid":{"rendered":"http:\/\/finance.bold-themes.com\/main-demo\/?page_id=997"},"modified":"2025-06-17T06:22:39","modified_gmt":"2025-06-17T06:22:39","slug":"kalite-kontrol","status":"publish","type":"page","link":"https:\/\/mitascivata.com\/en\/kalite-kontrol\/","title":{"rendered":"Quality Control"},"content":{"rendered":"<section id=\"bt_section69e1a4dd94063\"  class=\"boldSection topSemiSpaced bottomSemiSpaced btAlternateColorBackground gutter boxed inherit\" style=\"background-color:rgba(242,241,237,0)  !important;\"><div class=\"port\"><div class=\"boldCell\"><div class=\"boldCellInner\"><div class=\"boldRow\" ><div class=\"boldRowInner\"><div class=\"rowItem col-md-6 col-sm-12 btTextLeft animate animate-fadein inherit\"  data-width=\"6\"><div class=\"rowItemContent\" ><header class=\"header btClear medium btDash bottomDash  regular\" ><div class=\"dash\"><h3><span class=\"headline\">At M\u0130TA\u015e CIVATA, quality control management is carried out under three main categories:<\/span><\/h3><\/div><\/header><div class=\"btClear btSeparator bottomSmallSpaced noBorder\" ><hr><\/div><div class=\"btText\" ><\/p>\n<ol>\n<li>Incoming inspection process<\/li>\n<li>Production control process<\/li>\n<li>Pre-dispatch inspection process<\/li>\n<\/ol>\n<p>\n<\/div><div class=\"btClear btSeparator topSemiSpaced noBorder\" ><hr><\/div><\/div><\/div><div class=\"rowItem col-md-6 col-sm-12 btTextLeft animate animate-fadein inherit\"  data-width=\"6\"><div class=\"rowItemContent\" ><div class=\"bpgPhoto btDefaultHoverType\" ><div class = \"btImage\"><img decoding=\"async\" src=\"https:\/\/mitascivata.com\/wp-content\/uploads\/2025\/03\/kalitekontrol1.jpg\" alt=\"\" title=\"\"><\/div><\/div><div class=\"btClear btSeparator topSemiSpaced noBorder\" ><hr><\/div><\/div><\/div><\/div><\/div><div class=\"boldRow\" ><div class=\"boldRowInner\"><div class=\"rowItem col-md-12 col-ms-12  btTextLeft\"  data-width=\"12\"><div class=\"rowItemContent\" ><div class=\"btClear btSeparator bottomSemiSpaced border\" ><hr><\/div><\/div><\/div><\/div><\/div><div class=\"boldRow\" ><div class=\"boldRowInner\"><div class=\"rowItem col-md-6 col-sm-12 btTextLeft animate animate-fadein inherit\"  data-width=\"6\"><div class=\"rowItemContent\" ><div class=\"bpgPhoto btDefaultHoverType\" ><div class = \"btImage\"><img decoding=\"async\" src=\"https:\/\/mitascivata.com\/wp-content\/uploads\/2025\/03\/kalitekontrol2.jpg\" alt=\"\" title=\"\"><\/div><\/div><div class=\"btClear btSeparator topSemiSpaced noBorder\" ><hr><\/div><\/div><\/div><div class=\"rowItem col-md-6 col-sm-12 btTextLeft animate animate-fadein inherit\"  data-width=\"6\"><div class=\"rowItemContent\" ><header class=\"header btClear large btDash bottomDash  regular\" ><\/header><div class=\"btClear btSeparator bottomSmallSpaced noBorder\" ><hr><\/div><div class=\"btText\" ><\/p>\n<p data-start=\"181\" data-end=\"591\">M\u0130TA\u015e C\u0131vata\u2019da t\u00fcm \u00fcretim ve kalite kontrol s\u00fcre\u00e7leri, SAP S\/4HANA altyap\u0131s\u0131na entegre Kalite Y\u00f6netim Mod\u00fcl\u00fc arac\u0131l\u0131\u011f\u0131yla dijital olarak y\u00f6netilmektedir. Hammadde giri\u015finden ba\u015flayarak, \u00fcretim, \u0131s\u0131l i\u015flem, kaplama ve son kontrole kadar uzanan her a\u015fama sistem \u00fczerinden izlenebilir durumdad\u0131r. Bu sayede \u00fcretimi yap\u0131lan her bir par\u00e7an\u0131n t\u00fcm i\u015flem ge\u00e7mi\u015fine ve kalite verilerine anl\u0131k olarak ula\u015fmak m\u00fcmk\u00fcnd\u00fcr.<\/p>\n<p data-start=\"593\" data-end=\"1069\">\u00dcr\u00fcn sevkiyat\u0131ndan \u00f6nce, m\u00fc\u015fterilerimizin talebi do\u011frultusunda Fabrika Kabul Testleri (FAT) ger\u00e7ekle\u015ftirilmekte, test sonu\u00e7lar\u0131 ve kalite belgeleri dijital ortamda kay\u0131t alt\u0131na al\u0131nmaktad\u0131r. Sevkiyat sonras\u0131nda ise SAP sisteminde kay\u0131tl\u0131 \u00fcretim ve test verilerine dayanarak, otomatik olarak EN 10204 3.1 sertifikalar\u0131 olu\u015fturulmakta ve ilgili \u00fcr\u00fcnlerle birlikte m\u00fc\u015fterilere iletilmektedir. Bu entegre sistem, izlenebilirli\u011fi ve kalite g\u00fcvencesini en \u00fcst seviyeye ta\u015f\u0131maktad\u0131r.<\/p>\n<p>\n<\/div><div class=\"btClear btSeparator topSemiSpaced noBorder\" ><hr><\/div><\/div><\/div><\/div><\/div><\/div><\/div><\/div><\/section>","protected":false},"excerpt":{"rendered":"","protected":false},"author":2,"featured_media":3867,"parent":0,"menu_order":0,"comment_status":"closed","ping_status":"closed","template":"","meta":{"footnotes":""},"class_list":["post-997","page","type-page","status-publish","has-post-thumbnail","hentry"],"_links":{"self":[{"href":"https:\/\/mitascivata.com\/en\/wp-json\/wp\/v2\/pages\/997","targetHints":{"allow":["GET"]}}],"collection":[{"href":"https:\/\/mitascivata.com\/en\/wp-json\/wp\/v2\/pages"}],"about":[{"href":"https:\/\/mitascivata.com\/en\/wp-json\/wp\/v2\/types\/page"}],"author":[{"embeddable":true,"href":"https:\/\/mitascivata.com\/en\/wp-json\/wp\/v2\/users\/2"}],"replies":[{"embeddable":true,"href":"https:\/\/mitascivata.com\/en\/wp-json\/wp\/v2\/comments?post=997"}],"version-history":[{"count":11,"href":"https:\/\/mitascivata.com\/en\/wp-json\/wp\/v2\/pages\/997\/revisions"}],"predecessor-version":[{"id":4139,"href":"https:\/\/mitascivata.com\/en\/wp-json\/wp\/v2\/pages\/997\/revisions\/4139"}],"wp:featuredmedia":[{"embeddable":true,"href":"https:\/\/mitascivata.com\/en\/wp-json\/wp\/v2\/media\/3867"}],"wp:attachment":[{"href":"https:\/\/mitascivata.com\/en\/wp-json\/wp\/v2\/media?parent=997"}],"curies":[{"name":"wp","href":"https:\/\/api.w.org\/{rel}","templated":true}]}}