{"id":15,"date":"2016-07-12T10:12:08","date_gmt":"2016-07-12T10:12:08","guid":{"rendered":"http:\/\/finance.bold-themes.com\/main-demo\/?page_id=15"},"modified":"2025-09-09T08:04:06","modified_gmt":"2025-09-09T08:04:06","slug":"biz-kimiz","status":"publish","type":"page","link":"https:\/\/mitascivata.com\/tr\/biz-kimiz\/","title":{"rendered":"Biz Kimiz"},"content":{"rendered":"<p><section id=\"bt_section69e16d873c7d7\"  class=\"boldSection topSemiSpaced gutter boxed inherit\" ><div class=\"port\"><div class=\"boldCell\"><div class=\"boldCellInner\"><div class=\"boldRow \" ><div class=\"boldRowInner\"><div class=\"rowItem col-md-6 col-sm-12 btTextLeft animate animate-fadein inherit\"  data-width=\"6\"><div class=\"rowItemContent\" ><header class=\"header btClear extralarge btDash bottomDash  regular\" ><div class=\"dash\"><h1><span class=\"headline\">Biz Kimiz?<\/span><\/h1><\/div><div class=\"btSubTitle\">Mita\u015f C\u0131vata, 70 y\u0131l\u0131 a\u015fk\u0131n m\u00fchendislik miras\u0131yla faaliyet g\u00f6steren M\u0130TA\u015e Grubu\u2019nun bir \u00fcyesi olarak, ba\u011flant\u0131 elemanlar\u0131 sekt\u00f6r\u00fcnde k\u00fcresel \u00f6l\u00e7ekte entegre ve yenilik\u00e7i \u00e7\u00f6z\u00fcmler sunmaktad\u0131r. Modern \u00fcretim tesisleri, ileri teknolojileri ve tam otomatik sistemleriyle donat\u0131lm\u0131\u015f fabrikalar\u0131nda, uluslararas\u0131 standartlara uygun \u00fcretim ger\u00e7ekle\u015ftiren Mita\u015f C\u0131vata; kalite, g\u00fcvenilirlik ve m\u00fchendislik g\u00fcc\u00fcn\u00fc bir araya getirmektedir.<\/div><\/header><div class=\"btClear btSeparator topSmallSpaced noBorder\" ><hr><\/div><div class=\"btClear btSeparator topSmallSpaced bottomSmallSpaced noBorder\" ><hr><\/div><div class=\"btClear btSeparator topSmallSpaced bottomSmallSpaced noBorder\" ><hr><\/div><\/div><\/div><div class=\"rowItem col-md-6 col-sm-12 btTextLeft animate animate-fadein inherit\"  data-width=\"6\"><div class=\"rowItemContent\" ><div class=\"btClear btSeparator bottomSemiSpaced noBorder\" ><hr><\/div><div class=\"btClear btSeparator bottomSmallSpaced noBorder\" ><hr><\/div><div class=\"bpgPhoto btDefaultHoverType\" ><div class = \"btImage\"><img decoding=\"async\" src=\"https:\/\/mitascivata.com\/wp-content\/uploads\/2025\/03\/bizkimiz1-e1745983543114.jpg\" alt=\"\" title=\"\"><\/div><\/div><div class=\"btClear btSeparator bottomSmallSpaced noBorder\" ><hr><\/div><\/div><\/div><\/div><\/div><div class=\"boldRow \" ><div class=\"boldRowInner\"><div class=\"rowItem col-md-6 col-sm-12 btTextLeft animate animate-fadein inherit\"  data-width=\"6\"><div class=\"rowItemContent\" ><div class=\"btClear btSeparator bottomSmallSpaced noBorder\" ><hr><\/div><div class=\"bpgPhoto btDefaultHoverType\" ><div class = \"btImage\"><img decoding=\"async\" src=\"https:\/\/mitascivata.com\/wp-content\/uploads\/2025\/03\/bizkimiz2.jpg\" alt=\"\" title=\"\"><\/div><\/div><div class=\"btClear btSeparator bottomSmallSpaced noBorder\" ><hr><\/div><\/div><\/div><div class=\"rowItem col-md-6 col-sm-12 btTextLeft animate animate-fadein inherit\"  data-width=\"6\"><div class=\"rowItemContent\" ><header class=\"header btClear extralarge btDash bottomDash  regular\" ><div class=\"dash\"><\/div><div class=\"btSubTitle\">57.913 m\u00b2 toplam alanda, 19.000 m\u00b2 kapal\u0131 \u00fcretim sahas\u0131nda faaliyetlerini s\u00fcrd\u00fcren Mita\u015f C\u0131vata, y\u0131ll\u0131k 61.500 ton entegre \u00fcretim kapasitesiyle sekt\u00f6r\u00fcn en y\u00fcksek \u00fcretim g\u00fcc\u00fcne sahip firmalar\u0131ndan biridir. \u00dcr\u00fcn portf\u00f6y\u00fcnde; so\u011fuk ve s\u0131cak d\u00f6vme civatalar, somunlar, rondelalar, ankrajlar, \u00f6zel ba\u011flant\u0131 elemanlar\u0131 ve m\u00fc\u015fteri taleplerine \u00f6zel geli\u015ftirilen m\u00fchendislik \u00e7\u00f6z\u00fcmleri yer almaktad\u0131r.<\/div><\/header><div class=\"btClear btSeparator topSmallSpaced noBorder\" ><hr><\/div><div class=\"btClear btSeparator topSmallSpaced bottomSmallSpaced noBorder\" ><hr><\/div><div class=\"btClear btSeparator topSmallSpaced bottomSmallSpaced noBorder\" ><hr><\/div><\/div><\/div><\/div><\/div><div class=\"boldRow \" ><div class=\"boldRowInner\"><div class=\"rowItem col-md-6 col-sm-12 btTextLeft animate animate-fadein inherit\"  data-width=\"6\"><div class=\"rowItemContent\" ><header class=\"header btClear extralarge btDash bottomDash  regular\" ><div class=\"dash\"><\/div><div class=\"btSubTitle\">Bug\u00fcn Mita\u015f C\u0131vata, 170\u2019ten fazla \u00fclkeye ger\u00e7ekle\u015ftirdi\u011fi ihracatla, enerji, \u00e7elik yap\u0131, altyap\u0131, otomotiv, yenilenebilir enerji ve petrokimya gibi stratejik sekt\u00f6rlere g\u00fcvenilir \u00fcr\u00fcnler ve m\u00fchendislik deste\u011fi sa\u011flamaktad\u0131r. ISO 9001, ISO 14001, ISO 45001, ISO 50001, ISO\/IEC 17025 gibi uluslararas\u0131 sertifikalara sahip olan Mita\u015f C\u0131vata, IATF 16949 ve API Q1 standartlar\u0131na uyum s\u00fcreciyle birlikte k\u00fcresel tedarik zincirinde daha g\u00fc\u00e7l\u00fc bir konum edinmeyi hedeflemektedir.<br \/><br>Mita\u015f C\u0131vata, m\u00fc\u015fteri memnuniyetini \u00f6ncelik olarak belirlemekte; kaliteyi s\u00fcrekli geli\u015ftirme, \u00fcretim hatlar\u0131n\u0131 modernize etme ve sekt\u00f6rdeki yenilikleri yak\u0131ndan takip etme anlay\u0131\u015f\u0131yla hareket etmektedir. S\u00fcrd\u00fcr\u00fclebilirlik vizyonu do\u011frultusunda; enerji verimlili\u011fi, karbon ayak izinin azalt\u0131lmas\u0131, \u00e7evre dostu \u00fcretim teknikleri ve ye\u015fil d\u00f6n\u00fc\u015f\u00fcm uygulamalar\u0131n\u0131 s\u00fcrekli geli\u015ftirerek, yaln\u0131zca bug\u00fcn i\u00e7in de\u011fil, gelecek nesiller i\u00e7in de de\u011fer yaratmay\u0131 s\u00fcrd\u00fcrmektedir.<\/p><br><p><\/div><\/header><div class=\"btClear btSeparator topSmallSpaced noBorder\" ><hr><\/div><div class=\"btClear btSeparator topSmallSpaced bottomSmallSpaced noBorder\" ><hr><\/div><div class=\"btClear btSeparator topSmallSpaced bottomSmallSpaced noBorder\" ><hr><\/div><\/div><\/div><div class=\"rowItem col-md-6 col-sm-12 btTextLeft animate animate-fadein inherit\"  data-width=\"6\"><div class=\"rowItemContent\" ><div class=\"btClear btSeparator bottomSpaced noBorder\" ><hr><\/div><div class=\"bpgPhoto btDefaultHoverType\" ><div class = \"btImage\"><img decoding=\"async\" src=\"https:\/\/mitascivata.com\/wp-content\/uploads\/2025\/03\/bizkimiz3.jpg\" alt=\"\" title=\"\"><\/div><\/div><div class=\"btClear btSeparator bottomSmallSpaced noBorder\" ><hr><\/div><\/div><\/div><\/div><\/div><\/div><\/div><\/div><\/section><section id=\"bt_section69e16d873de54\"  class=\"boldSection topSmallSpaced btDarkSkin btAlternateColorBackground gutter boxed inherit\" ><div class=\"port\"><div class=\"boldCell\"><div class=\"boldCellInner\"><div class=\"boldRow \" ><div class=\"boldRowInner\"><div class=\"rowItem col-md-9 col-ms-12  btTextLeft animate animate-fadein inherit\"  data-width=\"9\"><div class=\"rowItemContent\" ><header class=\"header btClear small  regular\" ><div class=\"dash\"><h4><span class=\"headline\">G\u00dc\u00c7L\u00dc BA\u011eLANTILAR, G\u00dcVENL\u0130 YAPILAR<\/span><\/h4><\/div><\/header><div class=\"btClear btSeparator bottomSmallSpaced noBorder\" ><hr><\/div><\/div><\/div><div class=\"rowItem col-md-3 col-sm-6 col-ms-12 btTextRight animate animate-fadein btBottomVertical\"  data-width=\"3\"><div class=\"rowItemContent\" ><a href=\"#\" class=\"btBtn btBtn btnFilledStyle btnAccentColor btnMedium btnNormalWidth btnRightPosition btnNoIcon\" ><span class=\"btnInnerText\">Bizimle \u0130leti\u015fime Ge\u00e7in<\/span><\/a><div class=\"btClear btSeparator bottomSmallSpaced noBorder\" ><hr><\/div><\/div><\/div><\/div><\/div><\/div><\/div><\/div><\/section><\/p>\n","protected":false},"excerpt":{"rendered":"","protected":false},"author":2,"featured_media":3852,"parent":0,"menu_order":0,"comment_status":"closed","ping_status":"closed","template":"","meta":{"footnotes":""},"class_list":["post-15","page","type-page","status-publish","has-post-thumbnail","hentry"],"_links":{"self":[{"href":"https:\/\/mitascivata.com\/tr\/wp-json\/wp\/v2\/pages\/15","targetHints":{"allow":["GET"]}}],"collection":[{"href":"https:\/\/mitascivata.com\/tr\/wp-json\/wp\/v2\/pages"}],"about":[{"href":"https:\/\/mitascivata.com\/tr\/wp-json\/wp\/v2\/types\/page"}],"author":[{"embeddable":true,"href":"https:\/\/mitascivata.com\/tr\/wp-json\/wp\/v2\/users\/2"}],"replies":[{"embeddable":true,"href":"https:\/\/mitascivata.com\/tr\/wp-json\/wp\/v2\/comments?post=15"}],"version-history":[{"count":32,"href":"https:\/\/mitascivata.com\/tr\/wp-json\/wp\/v2\/pages\/15\/revisions"}],"predecessor-version":[{"id":4250,"href":"https:\/\/mitascivata.com\/tr\/wp-json\/wp\/v2\/pages\/15\/revisions\/4250"}],"wp:featuredmedia":[{"embeddable":true,"href":"https:\/\/mitascivata.com\/tr\/wp-json\/wp\/v2\/media\/3852"}],"wp:attachment":[{"href":"https:\/\/mitascivata.com\/tr\/wp-json\/wp\/v2\/media?parent=15"}],"curies":[{"name":"wp","href":"https:\/\/api.w.org\/{rel}","templated":true}]}}