{"id":2278,"date":"2016-10-26T07:05:04","date_gmt":"2016-10-26T07:05:04","guid":{"rendered":"http:\/\/industrial.bold-themes.com\/main-demo\/?page_id=2278"},"modified":"2025-06-17T06:10:44","modified_gmt":"2025-06-17T06:10:44","slug":"ozel-urunler","status":"publish","type":"page","link":"https:\/\/mitascivata.com\/tr\/ozel-urunler\/","title":{"rendered":"\u00d6zel \u00dcr\u00fcnler"},"content":{"rendered":"<p><section id=\"bt_section69deeee22525e\"  class=\"boldSection gutter \" ><div class=\"port\"><div class=\"boldCell\"><div class=\"boldCellInner\"><div class=\"boldRow \" ><div class=\"boldRowInner\"><div class=\"rowItem col-md-12 col-ms-12  btTextLeft\"  data-width=\"12\"><div class=\"rowItemContent\" ><div class=\"btClear btSeparator bottomSemiSpaced noBorder\" ><hr><\/div><div class=\"btText\" ><\/p>\n<article class=\"text-token-text-primary w-full\" dir=\"auto\" data-testid=\"conversation-turn-14\" data-scroll-anchor=\"true\">\n<div class=\"text-base my-auto mx-auto py-5 &#091;--thread-content-margin:--spacing(4)&#093; @&#091;37rem&#093;:&#091;--thread-content-margin:--spacing(6)&#093; @&#091;72rem&#093;:&#091;--thread-content-margin:--spacing(16)&#093; px-(--thread-content-margin)\">\n<div class=\"&#091;--thread-content-max-width:32rem&#093; @&#091;34rem&#093;:&#091;--thread-content-max-width:40rem&#093; @&#091;64rem&#093;:&#091;--thread-content-max-width:48rem&#093; mx-auto flex max-w-(--thread-content-max-width) flex-1 text-base gap-4 md:gap-5 lg:gap-6 group\/turn-messages focus-visible:outline-hidden\" tabindex=\"-1\">\n<div class=\"group\/conversation-turn relative flex w-full min-w-0 flex-col agent-turn\">\n<div class=\"relative flex-col gap-1 md:gap-3\">\n<div class=\"flex max-w-full flex-col grow\">\n<div class=\"min-h-8 text-message relative flex w-full flex-col items-end gap-2 text-start break-words whitespace-normal &#091;.text-message+&amp;&#093;:mt-5\" dir=\"auto\" data-message-author-role=\"assistant\" data-message-id=\"e8540dea-6c51-4bce-b11e-9133fc6c7333\" data-message-model-slug=\"gpt-4o\">\n<div class=\"flex w-full flex-col gap-1 empty:hidden first:pt-&#091;3px&#093;\">\n<div class=\"markdown prose dark:prose-invert w-full break-words light\">\n<p data-start=\"89\" data-end=\"639\" data-is-last-node=\"\" data-is-only-node=\"\">M\u0130TA\u015e C\u0131vata olarak, standart \u00fcr\u00fcnlerin yan\u0131 s\u0131ra m\u00fc\u015fterilerimizin \u00f6zel ihtiya\u00e7lar\u0131na y\u00f6nelik taleplerine de ayn\u0131 hassasiyetle yakla\u015fmaktay\u0131z. \u00d6zel \u00fcr\u00fcn talepleri iletildi\u011finde, deneyimli m\u00fchendislik birimimiz teknik gereklilikleri detayl\u0131 \u015fekilde analiz ederek, projeye \u00f6zel \u00e7\u00f6z\u00fcmler geli\u015ftirir. \u00dcretim s\u00fcreci boyunca kalite, g\u00fcvenilirlik ve m\u00fc\u015fteri beklentileri \u00f6n planda tutularak, en y\u00fcksek hizmet standartlar\u0131nda \u00fcretim ger\u00e7ekle\u015ftirilir. Bu yakla\u015f\u0131m\u0131m\u0131z, m\u00fc\u015fteri memnuniyetine verdi\u011fimiz \u00f6nemin ve esnek \u00fcretim kabiliyetimizin bir g\u00f6stergesidir.<\/p>\n<\/div>\n<\/div>\n<\/div>\n<\/div>\n<div class=\"flex min-h-&#091;46px&#093; justify-start\">\n<div class=\"touch:-me-2 touch:-ms-3.5 -ms-2.5 -me-1 flex flex-wrap items-center gap-y-4 p-1 select-none touch:w-&#091;calc(100%+--spacing(3.5))&#093; -mt-1 w-&#091;calc(100%+--spacing(2.5))&#093; duration-&#091;1.5s&#093; focus-within:transition-none hover:transition-none pointer-events-none &#091;mask-image:linear-gradient(to_right,black_33%,transparent_66%)&#093; &#091;mask-size:300%_100%&#093; &#091;mask-position:100%_0%&#093; motion-safe:transition-&#091;mask-position&#093; group-hover\/turn-messages:pointer-events-auto group-hover\/turn-messages:&#091;mask-position:0_0&#093; group-focus-within\/turn-messages:pointer-events-auto group-focus-within\/turn-messages:&#091;mask-position:0_0&#093; has-data-&#091;state=open&#093;:pointer-events-auto has-data-&#091;state=open&#093;:&#091;mask-position:0_0&#093;\">\n<p>&nbsp;<\/p>\n<div class=\"flex items-center\"><\/div>\n<p>&nbsp;<\/p>\n<\/div>\n<\/div>\n<div class=\"mt-3 w-full empty:hidden\">\n<div class=\"text-center\"><\/div>\n<\/div>\n<\/div>\n<div class=\"absolute\">\n<div class=\"flex items-center justify-center\"><\/div>\n<\/div>\n<\/div>\n<\/div>\n<\/div>\n<\/article>\n<div class=\"pointer-events-none h-px w-px\" aria-hidden=\"true\" data-edge=\"true\"><\/div>\n<p>\n<\/div><div class=\"btClear btSeparator bottomSemiSpaced noBorder\" ><hr><\/div><\/div><\/div><\/div><\/div><\/div><\/div><\/div><\/section><section id=\"bt_section69deeee2257ab\"  class=\"boldSection bottomSemiSpaced gutter boxed inherit\" ><div class=\"port\"><div class=\"boldCell\"><div class=\"boldCellInner\"><div class=\"boldRow \" ><div class=\"boldRowInner\"><div class=\"rowItem col-md-6 col-sm-12 btTextLeft\"  data-width=\"6\"><div class=\"rowItemContent\" ><div class=\"btClear btSeparator topSmallSpaced bottomSmallSpaced noBorder\" ><hr><\/div><div class=\"bpgPhoto btDefaultHoverType\" ><div class = \"btImage\"><img decoding=\"async\" src=\"https:\/\/mitascivata.com\/wp-content\/uploads\/2025\/03\/ozel2.jpg\" alt=\"\" title=\"\"><\/div><\/div><div class=\"btClear btSeparator topSmallSpaced bottomSmallSpaced noBorder\" ><hr><\/div><div class=\"btText\" ><p><\/p>\n<\/div><div class=\"btClear btSeparator bottomSmallSpaced noBorder\" ><hr><\/div><\/div><\/div><div class=\"rowItem col-md-6 col-sm-12 btTextLeft\"  data-width=\"6\"><div class=\"rowItemContent\" ><div class=\"btClear btSeparator topSmallSpaced bottomSmallSpaced noBorder\" ><hr><\/div><div class=\"bpgPhoto btDefaultHoverType\" ><div class = \"btImage\"><img decoding=\"async\" src=\"https:\/\/mitascivata.com\/wp-content\/uploads\/2025\/03\/ozel1.jpg\" alt=\"\" title=\"\"><\/div><\/div><div class=\"btClear btSeparator topSmallSpaced bottomSmallSpaced noBorder\" ><hr><\/div><div class=\"btText\" ><p><\/p>\n<\/div><div class=\"btClear btSeparator bottomSmallSpaced noBorder\" ><hr><\/div><\/div><\/div><\/div><\/div><div class=\"boldRow \" ><div class=\"boldRowInner\"><div class=\"rowItem col-md-12 col-ms-12  btTextLeft\"  data-width=\"12\"><div class=\"rowItemContent\" ><div class=\"btClear btSeparator topSmallSpaced bottomSmallSpaced border\" ><hr><\/div><div class=\"btClear btSeparator bottomSmallSpaced noBorder\" ><hr><\/div><\/div><\/div><\/div><\/div><div class=\"boldRow \" ><div class=\"boldRowInner\"><\/div><\/div><\/div><\/div><\/div><\/section><\/p>\n","protected":false},"excerpt":{"rendered":"","protected":false},"author":2,"featured_media":1898,"parent":0,"menu_order":0,"comment_status":"closed","ping_status":"closed","template":"","meta":{"footnotes":""},"class_list":["post-2278","page","type-page","status-publish","has-post-thumbnail","hentry"],"_links":{"self":[{"href":"https:\/\/mitascivata.com\/tr\/wp-json\/wp\/v2\/pages\/2278","targetHints":{"allow":["GET"]}}],"collection":[{"href":"https:\/\/mitascivata.com\/tr\/wp-json\/wp\/v2\/pages"}],"about":[{"href":"https:\/\/mitascivata.com\/tr\/wp-json\/wp\/v2\/types\/page"}],"author":[{"embeddable":true,"href":"https:\/\/mitascivata.com\/tr\/wp-json\/wp\/v2\/users\/2"}],"replies":[{"embeddable":true,"href":"https:\/\/mitascivata.com\/tr\/wp-json\/wp\/v2\/comments?post=2278"}],"version-history":[{"count":6,"href":"https:\/\/mitascivata.com\/tr\/wp-json\/wp\/v2\/pages\/2278\/revisions"}],"predecessor-version":[{"id":4128,"href":"https:\/\/mitascivata.com\/tr\/wp-json\/wp\/v2\/pages\/2278\/revisions\/4128"}],"wp:featuredmedia":[{"embeddable":true,"href":"https:\/\/mitascivata.com\/tr\/wp-json\/wp\/v2\/media\/1898"}],"wp:attachment":[{"href":"https:\/\/mitascivata.com\/tr\/wp-json\/wp\/v2\/media?parent=2278"}],"curies":[{"name":"wp","href":"https:\/\/api.w.org\/{rel}","templated":true}]}}