{"id":4168,"date":"2025-07-25T06:49:21","date_gmt":"2025-07-25T06:49:21","guid":{"rendered":"https:\/\/mitascivata.com\/?page_id=4168"},"modified":"2025-07-25T08:38:14","modified_gmt":"2025-07-25T08:38:14","slug":"sosyal-sorumluluk","status":"publish","type":"page","link":"https:\/\/mitascivata.com\/tr\/sosyal-sorumluluk\/","title":{"rendered":"Sosyal Sorumluluk"},"content":{"rendered":"<p><section id=\"bt_section69f9eec755ed5\"  class=\"boldSection gutter \" ><div class=\"port\"><div class=\"boldCell\"><div class=\"boldCellInner\"><div class=\"boldRow \" ><div class=\"boldRowInner\"><div class=\"rowItem col-md-6 col-sm-12 btTextLeft\"  data-width=\"6\"><div class=\"rowItemContent\" ><div class=\"btClear btSeparator topSmallSpaced noBorder\" ><hr><\/div><header class=\"header btClear medium  bold\" ><div class=\"dash\"><h3><span class=\"headline\">Biz, \u00fclkemizin ve insan\u0131m\u0131z\u0131n<br \/><br>gelece\u011fine yat\u0131r\u0131m yap\u0131yoruz<br \/><br><\/span><\/h3><\/div><\/header><div class=\"btClear btSeparator bottomSmallSpaced noBorder\" ><hr><\/div><\/div><\/div><div class=\"rowItem col-md-6 col-sm-12 btTextLeft\"  data-width=\"6\"><div class=\"rowItemContent\" ><div class=\"btClear btSeparator topSmallSpaced noBorder\" ><hr><\/div><div class=\"btClear btSeparator topSmallSpaced noBorder\" ><hr><\/div><header class=\"header btClear extrasmall  bold\" ><div class=\"dash\"><h4><span class=\"headline\">S\u00fcrd\u00fcr\u00fclebilir sosyal sorumluluk anlay\u0131\u015f\u0131n\u0131, g\u00f6n\u00fcll\u00fcl\u00fck esas\u0131yla birle\u015ftiriyoruz.<br \/><br><\/span><\/h4><\/div><\/header><div class=\"btClear btSeparator bottomSmallSpaced noBorder\" ><hr><\/div><\/div><\/div><\/div><\/div><\/div><\/div><\/div><\/section><section id=\"bt_section69f9eec75631c\"  class=\"boldSection gutter \" ><div class=\"port\"><div class=\"boldCell\"><div class=\"boldCellInner\"><div class=\"boldRow \" ><div class=\"boldRowInner\"><div class=\"rowItem col-md-12 col-ms-12  btTextLeft\"  data-width=\"12\"><div class=\"rowItemContent\" ><div class=\"btClear btSeparator topSmallSpaced noBorder\" ><hr><\/div><div class=\"bpgPhoto btDefaultHoverType\" > \r\n\t\t\t\t\t<a href=\"#\" target=\"_self\" title=\"\u00c7al\u0131\u015fanlar\u0131m\u0131z\u0131, sosyal sorumluluk bilinciyle yer alacaklar\u0131 uygun sosyal faaliyetlere g\u00f6n\u00fcll\u00fc olmalar\u0131 konusunda destekliyoruz. Afet, acil yard\u0131m, e\u011fitim ihtiya\u00e7lar\u0131 gibi konularda t\u00fcm Mita\u015f Ailesi olarak yard\u0131m eli uzatmak i\u00e7in bir araya gelmekteyiz. Yasal y\u00fck\u00fcml\u00fcl\u00fcklerin \u00f6tesinde, en iyi \u00e7evresel \u00e7\u00f6z\u00fcmleri uygulamak ve \u00e7evre bilincini art\u0131racak her t\u00fcrl\u00fc giri\u015fime destek sa\u011flamak, gen\u00e7 yeteneklere, \u00f6\u011frencilere, milli sporculara destek veren ve te\u015fvik eden faaliyetler i\u00e7inde bulunmak \u00f6nceli\u011fimizdir.\"><\/a>\r\n\t\t\t\t\t<div class=\"boldPhotoBox\"><div class=\"bpbItem\"><div class = \"btImage\"><img decoding=\"async\" src=\"https:\/\/mitascivata.com\/wp-content\/uploads\/2025\/07\/MitasSosyalSorumluluk_kariyer.jpg\" alt=\"\" title=\"\u00c7al\u0131\u015fanlar\u0131m\u0131z\u0131, sosyal sorumluluk bilinciyle yer alacaklar\u0131 uygun sosyal faaliyetlere g\u00f6n\u00fcll\u00fc olmalar\u0131 konusunda destekliyoruz. Afet, acil yard\u0131m, e\u011fitim ihtiya\u00e7lar\u0131 gibi konularda t\u00fcm Mita\u015f Ailesi olarak yard\u0131m eli uzatmak i\u00e7in bir araya gelmekteyiz. Yasal y\u00fck\u00fcml\u00fcl\u00fcklerin \u00f6tesinde, en iyi \u00e7evresel \u00e7\u00f6z\u00fcmleri uygulamak ve \u00e7evre bilincini art\u0131racak her t\u00fcrl\u00fc giri\u015fime destek sa\u011flamak, gen\u00e7 yeteneklere, \u00f6\u011frencilere, milli sporculara destek veren ve te\u015fvik eden faaliyetler i\u00e7inde bulunmak \u00f6nceli\u011fimizdir.\"><\/div><\/div><\/div>\r\n\t\t\t\t\t<div class=\"captionPane btDarkSkin btTextCenter\">\r\n\t\t\t\t\t\t<div class=\"captionTable\">\r\n\t\t\t\t\t\t\t<div class=\"captionCell\">\r\n\t\t\t\t\t\t\t\t<div class=\"captionTxt\"><header class=\"header btClear extrasmall\" ><div class=\"dash\"><h4><span class=\"headline\">\u00c7al\u0131\u015fanlar\u0131m\u0131z\u0131, sosyal sorumluluk bilinciyle yer alacaklar\u0131 uygun sosyal faaliyetlere g\u00f6n\u00fcll\u00fc olmalar\u0131 konusunda destekliyoruz. Afet, acil yard\u0131m, e\u011fitim ihtiya\u00e7lar\u0131 gibi konularda t\u00fcm Mita\u015f Ailesi olarak yard\u0131m eli uzatmak i\u00e7in bir araya gelmekteyiz. Yasal y\u00fck\u00fcml\u00fcl\u00fcklerin \u00f6tesinde, en iyi \u00e7evresel \u00e7\u00f6z\u00fcmleri uygulamak ve \u00e7evre bilincini art\u0131racak her t\u00fcrl\u00fc giri\u015fime destek sa\u011flamak, gen\u00e7 yeteneklere, \u00f6\u011frencilere, milli sporculara destek veren ve te\u015fvik eden faaliyetler i\u00e7inde bulunmak \u00f6nceli\u011fimizdir.<\/span><\/h4><\/div><\/header><\/div>\r\n\t\t\t\t\t\t\t<\/div>\r\n\t\t\t\t\t\t<\/div>\r\n\t\t\t\t\t<\/div><\/div><\/div><\/div><\/div><\/div><div class=\"boldRow \" ><div class=\"boldRowInner\"><div class=\"rowItem col-md-6 col-sm-12 btTextLeft\"  data-width=\"6\"><div class=\"rowItemContent\" ><div class=\"btClear btSeparator topSemiSpaced noBorder\" ><hr><\/div><div class=\"btClear btSeparator topSemiSpaced noBorder\" ><hr><\/div><header class=\"header btClear large  bold\" ><div class=\"dash\"><h2><span class=\"headline\">Hayat\u0131 iyile\u015ftiren ad\u0131mlar at\u0131yoruz.<\/span><\/h2><\/div><\/header><div class=\"btClear btSeparator topSemiSpaced noBorder\" ><hr><\/div><\/div><\/div><div class=\"rowItem col-md-6 col-sm-12 btTextLeft\"  data-width=\"6\"><div class=\"rowItemContent\" ><div class=\"btClear btSeparator topSemiSpaced noBorder\" ><hr><\/div><header class=\"header btClear small  regular\" ><div class=\"dash\"><\/div><div class=\"btSubTitle\">Mita\u015f Civata olarak, t\u00fcm \u00e7al\u0131\u015fanlar\u0131m\u0131z\u0131n ortak kat\u0131l\u0131mlar\u0131yla toplumu geli\u015ftirmeye y\u00f6nelik, toplumsal sorunlara \u00e7\u00f6z\u00fcm \u00fcreten proje ve organizasyonlar ger\u00e7ekle\u015ftirmeyi hedefliyoruz.<\/p><br><p>Hayata ge\u00e7irdi\u011fimiz t\u00fcm sosyal sorumluluk projelerimizde demokrasinin, insan haklar\u0131n\u0131n ve \u00e7evrenin korunmas\u0131na y\u00f6nelik \u00f6nc\u00fc rol almaya \u00f6zen g\u00f6steriyoruz. Kad\u0131n\u0131n toplumdaki rol\u00fcn\u00fc g\u00fc\u00e7lendirmek ad\u0131na kad\u0131nlar\u0131 destekleyen politikalar y\u00fcr\u00fct\u00fcyoruz.<\/div><\/header><div class=\"btClear btSeparator noBorder\" ><hr><\/div><\/div><\/div><\/div><\/div><div class=\"boldRow \" ><div class=\"boldRowInner\"><div class=\"rowItem col-md-4 col-ms-12 btTextLeft\"  data-width=\"4\"><div class=\"rowItemContent\" ><div class=\"btClear btSeparator topSemiSpaced noBorder\" ><hr><\/div><div class=\"bpgPhoto btDefaultHoverType\" ><div class = \"btImage\"><img decoding=\"async\" src=\"https:\/\/mitascivata.com\/wp-content\/uploads\/2025\/07\/Mitas-Yatirim-Genel-Muduru-Serap-Ciliz-ODTU-Robot-Toplulugunu-ziyaret-etti.png\" alt=\"\" title=\"\"><\/div><\/div><div class=\"btClear btSeparator noBorder\" ><hr><\/div><header class=\"header btClear small  regular\" ><div class=\"dash\"><\/div><div class=\"btSubTitle\">Mita\u015f Yat\u0131r\u0131m Genel M\u00fcd\u00fcr\u00fc Serap C\u0131l\u0131z, ODT\u00dc Robot Toplulugunu ziyaret etti.<\/div><\/header><\/div><\/div><div class=\"rowItem col-md-4 col-ms-12 btTextLeft\"  data-width=\"4\"><div class=\"rowItemContent\" ><div class=\"btClear btSeparator topSemiSpaced noBorder\" ><hr><\/div><div class=\"bpgPhoto btDefaultHoverType\" ><div class = \"btImage\"><img decoding=\"async\" src=\"https:\/\/mitascivata.com\/wp-content\/uploads\/2025\/07\/Minik-ogrencilerimizin-uzaktan-egitimlerini-desteklemek-icin-tabletler-hediye-ettik.png\" alt=\"\" title=\"\"><\/div><\/div><div class=\"btClear btSeparator noBorder\" ><hr><\/div><header class=\"header btClear small  regular\" ><div class=\"dash\"><\/div><div class=\"btSubTitle\">Minik \u00f6\u011frencilerimizin uzaktan egitimlerini desteklemek i\u00e7in tabletler hediye ettik.<\/div><\/header><\/div><\/div><div class=\"rowItem col-md-4 col-ms-12 btTextLeft\"  data-width=\"4\"><div class=\"rowItemContent\" ><div class=\"btClear btSeparator topSemiSpaced noBorder\" ><hr><\/div><div class=\"bpgPhoto btDefaultHoverType\" ><div class = \"btImage\"><img decoding=\"async\" src=\"https:\/\/mitascivata.com\/wp-content\/uploads\/2025\/07\/Dunya-Kadinlar-Gunu-kapsaminda-Mitas-Grupun-kadin-calisanlariyla-birlikte-agac-diktik.jpg\" alt=\"\" title=\"\"><\/div><\/div><div class=\"btClear btSeparator noBorder\" ><hr><\/div><header class=\"header btClear small  regular\" ><div class=\"dash\"><\/div><div class=\"btSubTitle\">D\u00fcnya Kad\u0131nlar G\u00fcn\u00fc kapsam\u0131nda, Mita\u015f Grup&#8217;un kad\u0131n \u00e7al\u0131\u015fanlar\u0131yla birlikte a\u011fa\u00e7 diktik.<\/div><\/header><\/div><\/div><\/div><\/div><div class=\"boldRow \" ><div class=\"boldRowInner\"><div class=\"rowItem col-md-12 col-ms-12  btTextLeft\"  data-width=\"12\"><div class=\"rowItemContent\" ><div class=\"btClear btSeparator bottomSemiSpaced noBorder\" ><hr><\/div><\/div><\/div><\/div><\/div><\/div><\/div><\/div><\/section><\/p>\n","protected":false},"excerpt":{"rendered":"","protected":false},"author":1,"featured_media":4216,"parent":0,"menu_order":0,"comment_status":"closed","ping_status":"closed","template":"","meta":{"footnotes":""},"class_list":["post-4168","page","type-page","status-publish","has-post-thumbnail","hentry"],"_links":{"self":[{"href":"https:\/\/mitascivata.com\/tr\/wp-json\/wp\/v2\/pages\/4168","targetHints":{"allow":["GET"]}}],"collection":[{"href":"https:\/\/mitascivata.com\/tr\/wp-json\/wp\/v2\/pages"}],"about":[{"href":"https:\/\/mitascivata.com\/tr\/wp-json\/wp\/v2\/types\/page"}],"author":[{"embeddable":true,"href":"https:\/\/mitascivata.com\/tr\/wp-json\/wp\/v2\/users\/1"}],"replies":[{"embeddable":true,"href":"https:\/\/mitascivata.com\/tr\/wp-json\/wp\/v2\/comments?post=4168"}],"version-history":[{"count":48,"href":"https:\/\/mitascivata.com\/tr\/wp-json\/wp\/v2\/pages\/4168\/revisions"}],"predecessor-version":[{"id":4231,"href":"https:\/\/mitascivata.com\/tr\/wp-json\/wp\/v2\/pages\/4168\/revisions\/4231"}],"wp:featuredmedia":[{"embeddable":true,"href":"https:\/\/mitascivata.com\/tr\/wp-json\/wp\/v2\/media\/4216"}],"wp:attachment":[{"href":"https:\/\/mitascivata.com\/tr\/wp-json\/wp\/v2\/media?parent=4168"}],"curies":[{"name":"wp","href":"https:\/\/api.w.org\/{rel}","templated":true}]}}