{"id":995,"date":"2016-07-13T10:18:41","date_gmt":"2016-07-13T10:18:41","guid":{"rendered":"http:\/\/finance.bold-themes.com\/main-demo\/?page_id=995"},"modified":"2025-08-18T09:28:07","modified_gmt":"2025-08-18T09:28:07","slug":"entegre-yonetim-sistemi","status":"publish","type":"page","link":"https:\/\/mitascivata.com\/tr\/entegre-yonetim-sistemi\/","title":{"rendered":"Entegre Y\u00f6netim Sistemi"},"content":{"rendered":"<p><section id=\"bt_section69f9eeace63a8\"  class=\"boldSection gutter \" ><div class=\"port\"><div class=\"boldCell\"><div class=\"boldCellInner\"><div class=\"boldRow \" ><div class=\"boldRowInner\"><div class=\"rowItem col-md-12 col-ms-12  btTextLeft\"  data-width=\"12\"><div class=\"rowItemContent\" ><div class=\"btClear btSeparator bottomSemiSpaced noBorder\" ><hr><\/div><div class=\"btText\" ><\/p>\n<article class=\"text-token-text-primary w-full\" dir=\"auto\" data-testid=\"conversation-turn-16\" data-scroll-anchor=\"true\">\n<div class=\"text-base my-auto mx-auto py-5 &#091;--thread-content-margin:--spacing(4)&#093; @&#091;37rem&#093;:&#091;--thread-content-margin:--spacing(6)&#093; @&#091;72rem&#093;:&#091;--thread-content-margin:--spacing(16)&#093; px-(--thread-content-margin)\">\n<div class=\"&#091;--thread-content-max-width:32rem&#093; @&#091;34rem&#093;:&#091;--thread-content-max-width:40rem&#093; @&#091;64rem&#093;:&#091;--thread-content-max-width:48rem&#093; mx-auto flex max-w-(--thread-content-max-width) flex-1 text-base gap-4 md:gap-5 lg:gap-6 group\/turn-messages focus-visible:outline-hidden\" tabindex=\"-1\">\n<div class=\"group\/conversation-turn relative flex w-full min-w-0 flex-col agent-turn\">\n<div class=\"relative flex-col gap-1 md:gap-3\">\n<div class=\"flex max-w-full flex-col grow\">\n<div class=\"min-h-8 text-message relative flex w-full flex-col items-end gap-2 text-start break-words whitespace-normal &#091;.text-message+&amp;&#093;:mt-5\" dir=\"auto\" data-message-author-role=\"assistant\" data-message-id=\"345deaa0-2093-40b2-a253-f55e3f4bd0f8\" data-message-model-slug=\"gpt-4o\">\n<div class=\"flex w-full flex-col gap-1 empty:hidden first:pt-&#091;3px&#093;\">\n<div class=\"markdown prose dark:prose-invert w-full break-words light\">\n<h5 data-start=\"114\" data-end=\"612\">M\u0130TA\u015e C\u0131vata i\u00e7in kalite, yaln\u0131zca \u00fcretim s\u00fcrecinin bir \u00e7\u0131kt\u0131s\u0131 de\u011fil; i\u015fimizin her a\u015famas\u0131na y\u00f6n veren temel bir ilkedir. \u00dcretti\u011fimiz her bir \u00fcr\u00fcn, y\u00fcksek dayan\u0131kl\u0131l\u0131k ve g\u00fcvenilirlik standartlar\u0131n\u0131 kar\u015f\u0131larken, uluslararas\u0131 normlara ve m\u00fc\u015fteri spesifikasyonlar\u0131na tam uyum g\u00f6sterir. Amac\u0131m\u0131z yaln\u0131zca beklentileri kar\u015f\u0131lamak de\u011fil, onlar\u0131 s\u00fcrekli olarak a\u015fmakt\u0131r. Bu do\u011frultuda kaliteyi bir hedef olarak de\u011fil, s\u00fcrd\u00fcr\u00fclebilir b\u00fcy\u00fcmenin ve s\u00fcrekli geli\u015fimin vazge\u00e7ilmez yap\u0131 ta\u015f\u0131 olarak g\u00f6r\u00fcyoruz.<\/h5>\n<\/div>\n<\/div>\n<\/div>\n<\/div>\n<\/div>\n<\/div>\n<\/div>\n<\/div>\n<\/article>\n<p>\n<\/div><div class=\"btClear btSeparator bottomSemiSpaced noBorder\" ><hr><\/div><\/div><\/div><\/div><\/div><\/div><\/div><\/div><\/section><section id=\"bt_section69f9eeace6682\"  class=\"boldSection topSemiSpaced gutter boxed inherit\" ><div class=\"port\"><div class=\"boldCell\"><div class=\"boldCellInner\"><div class=\"boldRow \" ><div class=\"boldRowInner\"><div class=\"rowItem col-md-6 col-sm-12 btTextLeft animate animate-fadein inherit\"  data-width=\"6\"><div class=\"rowItemContent\" ><header class=\"header btClear medium btDash bottomDash  regular\" ><div class=\"dash\"><h3><span class=\"headline\">M\u0130TA\u015e C\u0131vata\u2019da, kalite ve s\u00fcrd\u00fcr\u00fclebilirlik odakl\u0131 bir yakla\u015f\u0131mla, a\u015fa\u011f\u0131da yer alan y\u00f6netim sistemleri entegre bir \u015fekilde uygulanmakta ve t\u00fcm operasyonel s\u00fcre\u00e7lere ba\u015far\u0131yla entegre edilmektedir.<br \/><br><\/span><\/h3><\/div><\/header><div class=\"btClear btSeparator topSmallSpaced noBorder\" ><hr><\/div><div class=\"btText\" ><\/p>\n<p>\u00b7 ISO 9001:2015 Kalite Y\u00f6netim Sistemi<\/p>\n<p>\u00b7 ISO 14001:2015 \u00c7evre Y\u00f6netim Sistemi<\/p>\n<p>\u00b7 ISO 45001:2018 \u0130\u015f Sa\u011fl\u0131\u011f\u0131 ve G\u00fcvenli\u011fi Y\u00f6netim Sistemi<\/p>\n<p>\u00b7 ISO 50001:2018 Enerji Y\u00f6netim Sistemi<\/p>\n<p>\u00b7 ISO 10002:2018 M\u00fc\u015fteri Memnuniyeti Y\u00f6netim Sistemi<\/p>\n<p>\n<\/div><div class=\"btClear btSeparator topSmallSpaced bottomSmallSpaced noBorder\" ><hr><\/div><div class=\"btClear btSeparator topSmallSpaced bottomSmallSpaced noBorder\" ><hr><\/div><\/div><\/div><div class=\"rowItem col-md-6 col-sm-12 btTextLeft animate animate-fadein inherit\"  data-width=\"6\"><div class=\"rowItemContent\" ><div class=\"bpgPhoto btDefaultHoverType\" ><div class = \"btImage\"><img decoding=\"async\" src=\"https:\/\/mitascivata.com\/wp-content\/uploads\/2025\/03\/kalitetr.jpg\" alt=\"\" title=\"\"><\/div><\/div><div class=\"btClear btSeparator bottomSmallSpaced noBorder\" ><hr><\/div><\/div><\/div><\/div><\/div><div class=\"boldRow \" ><div class=\"boldRowInner\"><div class=\"rowItem col-md-6 col-sm-12 btTextLeft animate animate-fadein inherit\"  data-width=\"6\"><div class=\"rowItemContent\" ><div class=\"bpgPhoto btDefaultHoverType\" ><div class = \"btImage\"><img decoding=\"async\" src=\"https:\/\/mitascivata.com\/wp-content\/uploads\/2025\/03\/civataa.jpg\" alt=\"\" title=\"\"><\/div><\/div><div class=\"btClear btSeparator bottomSmallSpaced noBorder\" ><hr><\/div><\/div><\/div><div class=\"rowItem col-md-6 col-sm-12 btTextLeft animate animate-fadein inherit\"  data-width=\"6\"><div class=\"rowItemContent\" ><header class=\"header btClear extralarge btDash bottomDash  regular\" ><\/header><div class=\"btClear btSeparator topSmallSpaced noBorder\" ><hr><\/div><div class=\"btText\" ><\/p>\n<p>\u00b7 ISO 27001:2022 Bilgi G\u00fcvenli\u011fi Y\u00f6netim Sistemi<\/p>\n<p>\u00b7 SSB EYDEP End\u00fcstriyel Yetkinlik De\u011ferlendirme ve Destekleme Program\u0131 (B)<\/p>\n<p>\u00b7 ISO\/IEC 17025:2017 Laboratuvar Y\u00f6netim Sistemi<\/p>\n<p>\u00b7 ISO 14064-1:2018 Karbon Ayak \u0130zi Do\u011frulama<\/p>\n<p>\u00b7 EN 14399-1:2015 \/ EN 15048-1:2007 Fabrika \u00dcretim Kontrol\u00fc Uygunluk Sertifikalar\u0131 (CE)<\/p>\n<p>\u00b7 DAST022:2016<\/p>\n<p>\n<\/div><div class=\"btClear btSeparator topSmallSpaced bottomSmallSpaced noBorder\" ><hr><\/div><div class=\"btClear btSeparator topSmallSpaced bottomSmallSpaced noBorder\" ><hr><\/div><\/div><\/div><\/div><\/div><div class=\"boldRow \" ><div class=\"boldRowInner\"><div class=\"rowItem col-md-6 col-sm-12 btTextLeft animate animate-fadein inherit\"  data-width=\"6\"><div class=\"rowItemContent\" ><header class=\"header btClear extralarge btDash bottomDash  regular\" ><div class=\"dash\"><\/div><div class=\"btSubTitle\">Entegre Y\u00f6netim Sistemi \u00e7er\u00e7evesinde, dok\u00fcman y\u00f6netimi, raporlama, aksiyon ve izlenebilirlik s\u00fcre\u00e7leri DAMS (Dok\u00fcman ve Aksiyon Y\u00f6netim Sistemi) \u00fczerinden y\u00fcr\u00fct\u00fclmektedir.<\/div><\/header><div class=\"btClear btSeparator topSmallSpaced noBorder\" ><hr><\/div><div class=\"btClear btSeparator topSmallSpaced bottomSmallSpaced noBorder\" ><hr><\/div><div class=\"btClear btSeparator topSmallSpaced bottomSmallSpaced noBorder\" ><hr><\/div><\/div><\/div><div class=\"rowItem col-md-6 col-sm-12 btTextLeft animate animate-fadein inherit\"  data-width=\"6\"><div class=\"rowItemContent\" ><div class=\"bpgPhoto btDefaultHoverType\" ><div class = \"btImage\"><img decoding=\"async\" src=\"https:\/\/mitascivata.com\/wp-content\/uploads\/2025\/08\/Varlik-1@4x-100-scaled.jpg\" alt=\"\" title=\"\"><\/div><\/div><div class=\"btClear btSeparator bottomSmallSpaced noBorder\" ><hr><\/div><\/div><\/div><\/div><\/div><\/div><\/div><\/div><\/section><\/p>\n","protected":false},"excerpt":{"rendered":"","protected":false},"author":2,"featured_media":3865,"parent":0,"menu_order":0,"comment_status":"closed","ping_status":"closed","template":"","meta":{"footnotes":""},"class_list":["post-995","page","type-page","status-publish","has-post-thumbnail","hentry"],"_links":{"self":[{"href":"https:\/\/mitascivata.com\/tr\/wp-json\/wp\/v2\/pages\/995","targetHints":{"allow":["GET"]}}],"collection":[{"href":"https:\/\/mitascivata.com\/tr\/wp-json\/wp\/v2\/pages"}],"about":[{"href":"https:\/\/mitascivata.com\/tr\/wp-json\/wp\/v2\/types\/page"}],"author":[{"embeddable":true,"href":"https:\/\/mitascivata.com\/tr\/wp-json\/wp\/v2\/users\/2"}],"replies":[{"embeddable":true,"href":"https:\/\/mitascivata.com\/tr\/wp-json\/wp\/v2\/comments?post=995"}],"version-history":[{"count":20,"href":"https:\/\/mitascivata.com\/tr\/wp-json\/wp\/v2\/pages\/995\/revisions"}],"predecessor-version":[{"id":4238,"href":"https:\/\/mitascivata.com\/tr\/wp-json\/wp\/v2\/pages\/995\/revisions\/4238"}],"wp:featuredmedia":[{"embeddable":true,"href":"https:\/\/mitascivata.com\/tr\/wp-json\/wp\/v2\/media\/3865"}],"wp:attachment":[{"href":"https:\/\/mitascivata.com\/tr\/wp-json\/wp\/v2\/media?parent=995"}],"curies":[{"name":"wp","href":"https:\/\/api.w.org\/{rel}","templated":true}]}}